{"id":54,"date":"2016-05-06T12:30:55","date_gmt":"2016-05-06T12:30:55","guid":{"rendered":"https:\/\/fotourbana.com\/pueblos-de-espana\/?page_id=54"},"modified":"2016-05-26T09:55:02","modified_gmt":"2016-05-26T09:55:02","slug":"quienes-somos-conocenos","status":"publish","type":"page","link":"https:\/\/fotourbana.com\/pueblos-de-espana\/quienes-somos-conocenos\/","title":{"rendered":"El proyecto quienes somos conocenos"},"content":{"rendered":"<p>[et_pb_section admin_label=\u00bbsection\u00bb][et_pb_row admin_label=\u00bbrow\u00bb make_fullwidth=\u00bboff\u00bb use_custom_width=\u00bboff\u00bb width_unit=\u00bbon\u00bb use_custom_gutter=\u00bboff\u00bb custom_padding=\u00bb||0px|\u00bb padding_mobile=\u00bbon\u00bb allow_player_pause=\u00bboff\u00bb parallax=\u00bboff\u00bb parallax_method=\u00bboff\u00bb make_equal=\u00bboff\u00bb parallax_1=\u00bboff\u00bb parallax_method_1=\u00bboff\u00bb column_padding_mobile=\u00bbon\u00bb custom_padding_last_edited=\u00bbon|desktop\u00bb][et_pb_column type=\u00bb4_4&#8243;][et_pb_text admin_label=\u00bbTexto\u00bb background_layout=\u00bblight\u00bb text_orientation=\u00bbleft\u00bb use_border_color=\u00bboff\u00bb border_color=\u00bb#ffffff\u00bb border_style=\u00bbsolid\u00bb]<\/p>\n<h2 style=\"text-align: left;\">\u00bfC\u00f3mo son los lugares que habitamos?<\/h2>\n<p>[\/et_pb_text][\/et_pb_column][\/et_pb_row][et_pb_row admin_label=\u00bbrow\u00bb make_fullwidth=\u00bboff\u00bb use_custom_width=\u00bboff\u00bb width_unit=\u00bbon\u00bb use_custom_gutter=\u00bboff\u00bb custom_padding_tablet=\u00bb0px|||\u00bb custom_padding_last_edited=\u00bbon|desktop\u00bb padding_mobile=\u00bboff\u00bb allow_player_pause=\u00bboff\u00bb parallax=\u00bboff\u00bb parallax_method=\u00bboff\u00bb make_equal=\u00bboff\u00bb parallax_1=\u00bboff\u00bb parallax_method_1=\u00bboff\u00bb parallax_2=\u00bboff\u00bb parallax_method_2=\u00bboff\u00bb column_padding_mobile=\u00bbon\u00bb][et_pb_column type=\u00bb1_2&#8243;][et_pb_text admin_label=\u00bbTexto\u00bb background_layout=\u00bblight\u00bb text_orientation=\u00bbleft\u00bb use_border_color=\u00bboff\u00bb border_color=\u00bb#ffffff\u00bb border_style=\u00bbsolid\u00bb]<\/p>\n<p style=\"text-align: justify;\">Siempre he tenido una gran inquietud por conocer los h\u00e1bitats del hombre. Ya de ni\u00f1o, pasaba las horas con un atlas o un mapa en la mano, jugando a imaginarme los sitios que aparec\u00edan all\u00ed inventariados. Con el tiempo, empec\u00e9 a darme cuenta de que la realidad de un espacio es demasiado cambiante y que lo m\u00e1ximo a lo que podr\u00eda aspirar es a captar un lugar en un momento determinado: su econom\u00eda, poblaci\u00f3n o morfolog\u00eda, en un instante preciso y que, pasado el tiempo, habr\u00e1 cambiado mucho o poco, pero no ser\u00e1 igual. Por eso, cuando lleg\u00f3 el momento decid\u00ed convertirme en Ge\u00f3grafo, para conocer mejor el mundo que me rodea, saber c\u00f3mo es y pensar en c\u00f3mo ser\u00e1. Y saciar as\u00ed mi inquietud infantil.<\/p>\n<p style=\"text-align: justify;\">Hace ya algunos a\u00f1os, en un viaje por el Bajo Arag\u00f3n turolense, tuve una revelaci\u00f3n. Decid\u00ed que la mejor forma de conocer y dar a conocer un lugar es retrat\u00e1ndolo, ya que una imagen, captada en un instante, tiene un valor inmenso y nos dir\u00e1 de forma fiel c\u00f3mo es ese lugar en ese momento, lejos de fr\u00edas estad\u00edsticas que r\u00e1pido quedan anticuadas o no sabemos manejar. Una imagen que retrata la forma que sus habitantes han dado al espacio en que viven, d\u00e1ndole forma e incidiendo sobre su calidad de vida. Una imagen en la que aparezca una casa, un \u00e1rbol, una puerta, un perfil urbano, un atardecer, una avenida, una estaci\u00f3n, una catedral o un barrio deprimido. Elementos que forman un todo, un lugar, un pueblo o una ciudad.<\/p>\n<p style=\"text-align: justify;\">Cuando visitamos un lugar y ejercemos de turistas llamamos \u00abbonito\u00bb o \u00abfeo\u00bb a espacios urbanos que se convierte en lo habitual o en el \u00abespacio vivido\u00bb para las gentes que lo habitan. La realidad compleja que nos rodea es por tanto m\u00e1s interesante que los escenarios hier\u00e1ticos ofrecidos al turista, ya que en lo \u00abbello\u00bb y en lo \u00abfeo\u00bb, aunque sea subjetivo, siempre encontraremos una lecci\u00f3n, lo que debemos o no debemos hacer con los lugares en los que vivimos. De todos los espacios habitados podemos pensar en algo que jam\u00e1s debi\u00f3 construirse y que habr\u00eda que derribar, o en una forma ejemplar de hacer ciudad nueva, o en una mejor o peor adaptaci\u00f3n al espacio, aunque siempre determinada por lo que en su momento se consider\u00f3 adecuado.<\/p>\n<p>[\/et_pb_text][\/et_pb_column][et_pb_column type=\u00bb1_2&#8243;][et_pb_image admin_label=\u00bbImagen\u00bb src=\u00bbhttps:\/\/fotourbana.com\/pueblos-de-espana\/wp-content\/uploads\/2016\/05\/Ordino-Arcalis-Andorra-13.webp\u00bb show_in_lightbox=\u00bboff\u00bb url_new_window=\u00bboff\u00bb use_overlay=\u00bboff\u00bb animation=\u00bbfade_in\u00bb sticky=\u00bboff\u00bb align=\u00bbcenter\u00bb force_fullwidth=\u00bboff\u00bb always_center_on_mobile=\u00bbon\u00bb use_border_color=\u00bboff\u00bb border_color=\u00bb#ffffff\u00bb border_style=\u00bbsolid\u00bb]<br \/>\n[\/et_pb_image][\/et_pb_column][\/et_pb_row][et_pb_row admin_label=\u00bbrow\u00bb make_fullwidth=\u00bboff\u00bb use_custom_width=\u00bboff\u00bb width_unit=\u00bbon\u00bb use_custom_gutter=\u00bboff\u00bb custom_padding=\u00bb||70px|\u00bb padding_mobile=\u00bboff\u00bb allow_player_pause=\u00bboff\u00bb parallax=\u00bboff\u00bb parallax_method=\u00bboff\u00bb make_equal=\u00bboff\u00bb parallax_1=\u00bboff\u00bb parallax_method_1=\u00bboff\u00bb parallax_2=\u00bboff\u00bb parallax_method_2=\u00bboff\u00bb column_padding_mobile=\u00bbon\u00bb][et_pb_column type=\u00bb1_2&#8243;][et_pb_image admin_label=\u00bbImagen\u00bb src=\u00bbhttps:\/\/fotourbana.com\/pueblos-de-espana\/wp-content\/uploads\/2016\/05\/Gante-Ghent-Belgica-80.webp\u00bb show_in_lightbox=\u00bboff\u00bb url_new_window=\u00bboff\u00bb use_overlay=\u00bboff\u00bb animation=\u00bbfade_in\u00bb sticky=\u00bboff\u00bb align=\u00bbcenter\u00bb force_fullwidth=\u00bboff\u00bb always_center_on_mobile=\u00bbon\u00bb use_border_color=\u00bboff\u00bb border_color=\u00bb#ffffff\u00bb border_style=\u00bbsolid\u00bb]<br \/>\n[\/et_pb_image][\/et_pb_column][et_pb_column type=\u00bb1_2&#8243;][et_pb_text admin_label=\u00bbTexto\u00bb background_layout=\u00bblight\u00bb text_orientation=\u00bbleft\u00bb use_border_color=\u00bboff\u00bb border_color=\u00bb#ffffff\u00bb border_style=\u00bbsolid\u00bb]<\/p>\n<p style=\"text-align: justify;\">Mi intenci\u00f3n al desarrollar mi trabajo ha sido y es captar esa complejidad del espacio f\u00edsico habitado, interesado m\u00e1s en el paisaje que en el paisanaje, y de paso hacer la web que me hubiera gustado encontrar en mi ni\u00f1ez, y por qu\u00e9 no decirlo, en mi edad adulta: un medio para conocer un sitio de forma minuciosa, sus espacios emblem\u00e1ticos y tambi\u00e9n sus m\u00e1s oscuros rincones, las fachadas, esquinas, calles, solares o monumentos que forman parte del d\u00eda a d\u00eda de sus habitantes. He recorrido ya muchos kil\u00f3metros, varios cientos de miles, persiguiendo mi objetivo, conociendo pueblos y ciudades, acompa\u00f1ado casi siempre por mi coche, y juntos hemos visto tantos lugares distintos que me cuesta poner orden al archivo de lugares que, de mi cabeza y de mi c\u00e1mara, he volcado en fotourbana.<\/p>\n<p style=\"text-align: justify;\">Una parte importante de mi trabajo se desarrolla en blanco y negro, ya que para m\u00ed esa es la imagen de los espacios habitados. Ciudades y pueblos con mil y un matices que en mi cabeza tienden al gris y a las sombras, que huyen de una imagen ic\u00f3nica y colorista. El trabajo de Gabriele Basilico y otros grandes fot\u00f3grafos urbanos, como Manolo Laguillo o Eugene Atget, ha sido mi inspiraci\u00f3n en el retrato de esos rincones de pueblos y ciudades. Rincones que no siempre son lo \u00abimaginado\u00bb de ese espacio (una catedral, un ayuntamiento, la Plaza Mayor), y que sin embargo forman parte de \u00e9l, y que a veces pasan desapercibidos a\u00fan siendo el tel\u00f3n de fondo del d\u00eda a d\u00eda de sus vecinos.<\/p>\n<p style=\"text-align: justify;\">JAIME TELLO GARC\u00cdA<\/p>\n<p>[\/et_pb_text][\/et_pb_column][\/et_pb_row][\/et_pb_section]<\/p>\n","protected":false},"excerpt":{"rendered":"<p>\u00bfC\u00f3mo son los lugares que habitamos? Siempre he tenido una gran inquietud por conocer los h\u00e1bitats del hombre. Ya de ni\u00f1o, pasaba las horas con un atlas o un mapa en la mano, jugando a imaginarme los sitios que aparec\u00edan all\u00ed inventariados. Con el tiempo, empec\u00e9 a darme cuenta de que la realidad de un [&hellip;]<\/p>\n","protected":false},"author":3,"featured_media":0,"parent":0,"menu_order":0,"comment_status":"closed","ping_status":"closed","template":"","meta":{"_et_pb_use_builder":"on","_et_pb_old_content":"","_et_gb_content_width":"","footnotes":""},"class_list":["post-54","page","type-page","status-publish","hentry"],"_links":{"self":[{"href":"https:\/\/fotourbana.com\/pueblos-de-espana\/wp-json\/wp\/v2\/pages\/54","targetHints":{"allow":["GET"]}}],"collection":[{"href":"https:\/\/fotourbana.com\/pueblos-de-espana\/wp-json\/wp\/v2\/pages"}],"about":[{"href":"https:\/\/fotourbana.com\/pueblos-de-espana\/wp-json\/wp\/v2\/types\/page"}],"author":[{"embeddable":true,"href":"https:\/\/fotourbana.com\/pueblos-de-espana\/wp-json\/wp\/v2\/users\/3"}],"replies":[{"embeddable":true,"href":"https:\/\/fotourbana.com\/pueblos-de-espana\/wp-json\/wp\/v2\/comments?post=54"}],"version-history":[{"count":0,"href":"https:\/\/fotourbana.com\/pueblos-de-espana\/wp-json\/wp\/v2\/pages\/54\/revisions"}],"wp:attachment":[{"href":"https:\/\/fotourbana.com\/pueblos-de-espana\/wp-json\/wp\/v2\/media?parent=54"}],"curies":[{"name":"wp","href":"https:\/\/api.w.org\/{rel}","templated":true}]}}